{"id":26,"date":"2024-05-10T20:09:00","date_gmt":"2024-05-10T18:09:00","guid":{"rendered":"https:\/\/festivalamontour.fr\/?page_id=26"},"modified":"2024-06-14T15:48:57","modified_gmt":"2024-06-14T13:48:57","slug":"murmures","status":"publish","type":"page","link":"https:\/\/festivalamontour.fr\/index.php\/accueil\/vendredi-19-juillet\/murmures\/","title":{"rendered":"MurMures"},"content":{"rendered":"<p style=\"text-align: center;\"><span style=\"color: #000000;\">Installation Sonore \u00e0 partir de 18h30<\/span><\/p>\n<p style=\"text-align: center;\"><span style=\"color: #000000;\">MurMures est une installation immersive pour un ensemble de hauts parleurs qui invite l&#8217;auditeur \u00e0 se plonger dans des superpositions de mati\u00e8res sonores qui vont du drone au noise en passant par le field recording.<\/span><br \/>\n<span style=\"color: #000000;\">L&#8217;ensemble de hauts parleurs sans fil a \u00e9t\u00e9 d\u00e9velopp\u00e9 par l&#8217;\u00e9quipe ISMM de l&#8217;IRCAM dans le cadre du projet DOTS.<\/span><\/p>\n","protected":false},"excerpt":{"rendered":"<p>Installation Sonore \u00e0 partir de 18h30 MurMures est une installation immersive pour un ensemble de hauts parleurs qui invite l&#8217;auditeur \u00e0 se plonger dans des superpositions de mati\u00e8res sonores qui vont du drone au noise en passant par le field recording. L&#8217;ensemble de hauts parleurs sans fil a \u00e9t\u00e9 d\u00e9velopp\u00e9 par l&#8217;\u00e9quipe ISMM de l&#8217;IRCAM [&hellip;]<\/p>\n","protected":false},"author":1,"featured_media":0,"parent":39,"menu_order":0,"comment_status":"closed","ping_status":"closed","template":"","meta":{"_editorskit_title_hidden":false,"_editorskit_reading_time":0,"_editorskit_is_block_options_detached":false,"_editorskit_block_options_position":"{}","footnotes":""},"class_list":["post-26","page","type-page","status-publish","hentry"],"_links":{"self":[{"href":"https:\/\/festivalamontour.fr\/index.php\/wp-json\/wp\/v2\/pages\/26","targetHints":{"allow":["GET"]}}],"collection":[{"href":"https:\/\/festivalamontour.fr\/index.php\/wp-json\/wp\/v2\/pages"}],"about":[{"href":"https:\/\/festivalamontour.fr\/index.php\/wp-json\/wp\/v2\/types\/page"}],"author":[{"embeddable":true,"href":"https:\/\/festivalamontour.fr\/index.php\/wp-json\/wp\/v2\/users\/1"}],"replies":[{"embeddable":true,"href":"https:\/\/festivalamontour.fr\/index.php\/wp-json\/wp\/v2\/comments?post=26"}],"version-history":[{"count":4,"href":"https:\/\/festivalamontour.fr\/index.php\/wp-json\/wp\/v2\/pages\/26\/revisions"}],"predecessor-version":[{"id":701,"href":"https:\/\/festivalamontour.fr\/index.php\/wp-json\/wp\/v2\/pages\/26\/revisions\/701"}],"up":[{"embeddable":true,"href":"https:\/\/festivalamontour.fr\/index.php\/wp-json\/wp\/v2\/pages\/39"}],"wp:attachment":[{"href":"https:\/\/festivalamontour.fr\/index.php\/wp-json\/wp\/v2\/media?parent=26"}],"curies":[{"name":"wp","href":"https:\/\/api.w.org\/{rel}","templated":true}]}}